{"id":88,"date":"2018-08-04T00:23:46","date_gmt":"2018-08-03T22:23:46","guid":{"rendered":"https:\/\/hapkido-im-revier.de\/?page_id=88"},"modified":"2025-04-15T18:12:33","modified_gmt":"2025-04-15T16:12:33","slug":"trainer","status":"publish","type":"page","link":"https:\/\/hapkido-in-essen.de\/index.php\/trainer\/","title":{"rendered":"Trainer"},"content":{"rendered":"\r\n<p>&nbsp;<\/p>\r\n\r\n\r\n\r\n<p>&nbsp;<\/p>\r\n\r\n\r\n<div class=\"wp-block-image\">\r\n<figure class=\"alignleft is-resized\"><img loading=\"lazy\" decoding=\"async\" width=\"683\" height=\"1024\" data-attachment-id=\"757\" data-permalink=\"https:\/\/hapkido-in-essen.de\/index.php\/trainer\/dsc_3231\/\" data-orig-file=\"https:\/\/hapkido-in-essen.de\/wp-content\/uploads\/2019\/02\/DSC_3231.jpg\" data-orig-size=\"1067,1600\" data-comments-opened=\"1\" data-image-meta=\"{&quot;aperture&quot;:&quot;2&quot;,&quot;credit&quot;:&quot;Arnd Reinhardt&quot;,&quot;camera&quot;:&quot;NIKON D7100&quot;,&quot;caption&quot;:&quot;&quot;,&quot;created_timestamp&quot;:&quot;1551028277&quot;,&quot;copyright&quot;:&quot;&quot;,&quot;focal_length&quot;:&quot;100&quot;,&quot;iso&quot;:&quot;320&quot;,&quot;shutter_speed&quot;:&quot;0.01&quot;,&quot;title&quot;:&quot;&quot;,&quot;orientation&quot;:&quot;1&quot;}\" data-image-title=\"DSC_3231\" data-image-description=\"\" data-image-caption=\"\" data-large-file=\"https:\/\/hapkido-in-essen.de\/wp-content\/uploads\/2019\/02\/DSC_3231-683x1024.jpg\" class=\"wp-image-757\" style=\"width: 171px; height: 256px;\" src=\"https:\/\/hapkido-in-essen.de\/wp-content\/uploads\/2019\/02\/DSC_3231-683x1024.jpg\" alt=\"\" srcset=\"https:\/\/hapkido-in-essen.de\/wp-content\/uploads\/2019\/02\/DSC_3231-683x1024.jpg 683w, https:\/\/hapkido-in-essen.de\/wp-content\/uploads\/2019\/02\/DSC_3231-200x300.jpg 200w, https:\/\/hapkido-in-essen.de\/wp-content\/uploads\/2019\/02\/DSC_3231-768x1152.jpg 768w, https:\/\/hapkido-in-essen.de\/wp-content\/uploads\/2019\/02\/DSC_3231.jpg 1067w\" sizes=\"auto, (max-width: 683px) 100vw, 683px\" \/><\/figure>\r\n<\/div>\r\n\r\n\r\n<p class=\"has-text-align-left\"><strong>Gro\u00dfmeister Karl M\u00fcller <\/strong>(9. Dan) betreibt seit mehr als 50 Jahren Hap-Ki-Do nach dem Lehrsystem Kim Sou Bong. Er begann in den 70er Jahren seine Ausbildung bei der Kriminalpolizei und suchte f\u00fcr sich nach einer Selbstverteidigungsart, mit der er allen Schwierigkeiten und Widerstandshandlungen seines Arbeitsalltags gut begegnen konnte. Von Kollegen wurde er auf die koreanische Kunst der waffenlosen Selbstverteidigung Hap-Ki-Do aufmerksam gemacht. So traf er auf Gro\u00dfmeister Kim Sou Bong, der zu der Zeit gerade einen Hap-Ki-Do-Kurs in der Essener Innenstadt anbot. Bereits nach kurzer Zeit erkannte Meister Kim das Potenzial in Karl und f\u00f6rderte ihn bereits am Anfang als Kub-Tr\u00e4ger, sein Wissen in zahlreichen Selbstverteidigungskursen an andere Sch\u00fcler weiter zu geben. So unterst\u00fctzte Karl Meister Kim dabei, das Lehrsystem Kim Sou Bong im Ruhrgebiet zu verbreiten. 1978 legte Meister Karl die Pr\u00fcfung zum 1.Dan Hap-Ki-Do erfolgreich ab. Am 14.12.2012 wurde Meister Karl M\u00fcller von Gro\u00dfmeister Gerhard Agrinz zum Repr\u00e4sentant f\u00fcr das Hap-Ki-Do Lehrsystem Kim Sou Bong in der Bundesrepublik Deutschland ernannt. Mittlerweile tr\u00e4gt er den 8. Dan dieses Lehrsystems. W\u00e4hrend seiner langen Lehrt\u00e4tigkeit hat er ca. zwei Dutzend Sch\u00fcler und Sch\u00fclerinnen vom Wei\u00dfgurt durchgehend bis in die oberen Dangrade gef\u00fchrt. F\u00fcr ihn ist Hap-Ki-Do nicht nur eine Sportart, sondern eine Lebenseinstellung und ein wichtiger Teil der pers\u00f6nlichen Entwicklung eines jeden Sch\u00fclers. Diese Einstellung vermittelt er seinen Sch\u00fclern und allen Interessierten in jeder Trainingseinheit mit Verstand, Herz und einer gro\u00dfen Leidenschaft f\u00fcr diese au\u00dfergew\u00f6hnliche Sportart. <br \/>Am 6. April 2025 ist unser Gro\u00dfmeister Karl von uns gegangen. Sein Leben war gepr\u00e4gt von Disziplin, Weisheit und der unerm\u00fcdlichen Hingabe an die Kunst des HapKiDo. F\u00fcr uns war er nicht nur ein Lehrer, sondern ein Vorbild, Mentor und eine Quelle der Inspiration. Sein Geist, seine Werte und sein Verm\u00e4chtnis werden in den Herzen seiner Sch\u00fcler und in jeder Technik, die er weitergegeben hat, weiterleben.\u00a0<\/p>\r\n\r\n\r\n<div class=\"wp-block-image\">\r\n<figure class=\"alignleft is-resized\"><img loading=\"lazy\" decoding=\"async\" width=\"683\" height=\"1024\" data-attachment-id=\"754\" data-permalink=\"https:\/\/hapkido-in-essen.de\/index.php\/trainer\/dsc_3217\/\" data-orig-file=\"https:\/\/hapkido-in-essen.de\/wp-content\/uploads\/2019\/02\/DSC_3217.jpg\" data-orig-size=\"1067,1600\" data-comments-opened=\"1\" data-image-meta=\"{&quot;aperture&quot;:&quot;2&quot;,&quot;credit&quot;:&quot;Arnd Reinhardt&quot;,&quot;camera&quot;:&quot;NIKON D7100&quot;,&quot;caption&quot;:&quot;&quot;,&quot;created_timestamp&quot;:&quot;1551027976&quot;,&quot;copyright&quot;:&quot;&quot;,&quot;focal_length&quot;:&quot;100&quot;,&quot;iso&quot;:&quot;280&quot;,&quot;shutter_speed&quot;:&quot;0.01&quot;,&quot;title&quot;:&quot;&quot;,&quot;orientation&quot;:&quot;1&quot;}\" data-image-title=\"DSC_3217\" data-image-description=\"\" data-image-caption=\"\" data-large-file=\"https:\/\/hapkido-in-essen.de\/wp-content\/uploads\/2019\/02\/DSC_3217-683x1024.jpg\" class=\"wp-image-754\" style=\"width: 171px; height: 256px;\" src=\"https:\/\/hapkido-in-essen.de\/wp-content\/uploads\/2019\/02\/DSC_3217-683x1024.jpg\" alt=\"\" srcset=\"https:\/\/hapkido-in-essen.de\/wp-content\/uploads\/2019\/02\/DSC_3217-683x1024.jpg 683w, https:\/\/hapkido-in-essen.de\/wp-content\/uploads\/2019\/02\/DSC_3217-200x300.jpg 200w, https:\/\/hapkido-in-essen.de\/wp-content\/uploads\/2019\/02\/DSC_3217-768x1152.jpg 768w, https:\/\/hapkido-in-essen.de\/wp-content\/uploads\/2019\/02\/DSC_3217.jpg 1067w\" sizes=\"auto, (max-width: 683px) 100vw, 683px\" \/><\/figure>\r\n<\/div>\r\n\r\n\r\n<p><strong> Meisterin Kerstin M\u00fcller<\/strong>, 3. Dan <br \/><br \/><br \/><br \/><br \/><br \/><br \/><br \/><br \/><br \/><\/p>\r\n\r\n\r\n<div class=\"wp-block-image\">\r\n<figure class=\"alignleft is-resized\"><img loading=\"lazy\" decoding=\"async\" width=\"683\" height=\"1024\" data-attachment-id=\"756\" data-permalink=\"https:\/\/hapkido-in-essen.de\/index.php\/trainer\/dsc_3223\/\" data-orig-file=\"https:\/\/hapkido-in-essen.de\/wp-content\/uploads\/2019\/02\/DSC_3223.jpg\" data-orig-size=\"1067,1600\" data-comments-opened=\"1\" data-image-meta=\"{&quot;aperture&quot;:&quot;2&quot;,&quot;credit&quot;:&quot;Arnd Reinhardt&quot;,&quot;camera&quot;:&quot;NIKON D7100&quot;,&quot;caption&quot;:&quot;&quot;,&quot;created_timestamp&quot;:&quot;1551028004&quot;,&quot;copyright&quot;:&quot;&quot;,&quot;focal_length&quot;:&quot;100&quot;,&quot;iso&quot;:&quot;220&quot;,&quot;shutter_speed&quot;:&quot;0.01&quot;,&quot;title&quot;:&quot;&quot;,&quot;orientation&quot;:&quot;1&quot;}\" data-image-title=\"DSC_3223\" data-image-description=\"\" data-image-caption=\"\" data-large-file=\"https:\/\/hapkido-in-essen.de\/wp-content\/uploads\/2019\/02\/DSC_3223-683x1024.jpg\" class=\"wp-image-756\" style=\"width: 171px; height: 256px;\" src=\"https:\/\/hapkido-in-essen.de\/wp-content\/uploads\/2019\/02\/DSC_3223-683x1024.jpg\" alt=\"\" srcset=\"https:\/\/hapkido-in-essen.de\/wp-content\/uploads\/2019\/02\/DSC_3223-683x1024.jpg 683w, https:\/\/hapkido-in-essen.de\/wp-content\/uploads\/2019\/02\/DSC_3223-200x300.jpg 200w, https:\/\/hapkido-in-essen.de\/wp-content\/uploads\/2019\/02\/DSC_3223-768x1152.jpg 768w, https:\/\/hapkido-in-essen.de\/wp-content\/uploads\/2019\/02\/DSC_3223.jpg 1067w\" sizes=\"auto, (max-width: 683px) 100vw, 683px\" \/><\/figure>\r\n<\/div>\r\n\r\n\r\n<p><strong>Meister Berthold Grothe<\/strong>, 4. Dan<br \/><br \/><br \/><br \/><br \/><br \/><br \/><br \/><br \/><br \/><\/p>\r\n\r\n\r\n<div class=\"wp-block-image\">\r\n<figure class=\"alignleft is-resized\"><img loading=\"lazy\" decoding=\"async\" width=\"683\" height=\"1024\" data-attachment-id=\"753\" data-permalink=\"https:\/\/hapkido-in-essen.de\/index.php\/trainer\/dsc_3214\/\" data-orig-file=\"https:\/\/hapkido-in-essen.de\/wp-content\/uploads\/2019\/02\/DSC_3214.jpg\" data-orig-size=\"1067,1600\" data-comments-opened=\"1\" data-image-meta=\"{&quot;aperture&quot;:&quot;2&quot;,&quot;credit&quot;:&quot;Arnd Reinhardt&quot;,&quot;camera&quot;:&quot;NIKON D7100&quot;,&quot;caption&quot;:&quot;&quot;,&quot;created_timestamp&quot;:&quot;1551027925&quot;,&quot;copyright&quot;:&quot;&quot;,&quot;focal_length&quot;:&quot;100&quot;,&quot;iso&quot;:&quot;280&quot;,&quot;shutter_speed&quot;:&quot;0.01&quot;,&quot;title&quot;:&quot;&quot;,&quot;orientation&quot;:&quot;1&quot;}\" data-image-title=\"DSC_3214\" data-image-description=\"\" data-image-caption=\"\" data-large-file=\"https:\/\/hapkido-in-essen.de\/wp-content\/uploads\/2019\/02\/DSC_3214-683x1024.jpg\" class=\"wp-image-753\" style=\"width: 171px; height: 256px;\" src=\"https:\/\/hapkido-in-essen.de\/wp-content\/uploads\/2019\/02\/DSC_3214-683x1024.jpg\" alt=\"\" srcset=\"https:\/\/hapkido-in-essen.de\/wp-content\/uploads\/2019\/02\/DSC_3214-683x1024.jpg 683w, https:\/\/hapkido-in-essen.de\/wp-content\/uploads\/2019\/02\/DSC_3214-200x300.jpg 200w, https:\/\/hapkido-in-essen.de\/wp-content\/uploads\/2019\/02\/DSC_3214-768x1152.jpg 768w, https:\/\/hapkido-in-essen.de\/wp-content\/uploads\/2019\/02\/DSC_3214.jpg 1067w\" sizes=\"auto, (max-width: 683px) 100vw, 683px\" \/><\/figure>\r\n<\/div>\r\n\r\n\r\n<p><strong>Meister Thomas J\u00fcttner<\/strong>, 4. Dan<\/p>\r\n<p>&nbsp;<\/p>\r\n<p>&nbsp;<\/p>\r\n<p>&nbsp;<\/p>\r\n<p>&nbsp;<\/p>\r\n<p>&nbsp;<\/p>\r\n<p><img loading=\"lazy\" decoding=\"async\" data-attachment-id=\"1464\" data-permalink=\"https:\/\/hapkido-in-essen.de\/index.php\/trainer\/ali-3\/\" data-orig-file=\"https:\/\/hapkido-in-essen.de\/wp-content\/uploads\/2024\/12\/Ali-2.png\" data-orig-size=\"155,236\" data-comments-opened=\"1\" data-image-meta=\"{&quot;aperture&quot;:&quot;0&quot;,&quot;credit&quot;:&quot;&quot;,&quot;camera&quot;:&quot;&quot;,&quot;caption&quot;:&quot;&quot;,&quot;created_timestamp&quot;:&quot;0&quot;,&quot;copyright&quot;:&quot;&quot;,&quot;focal_length&quot;:&quot;0&quot;,&quot;iso&quot;:&quot;0&quot;,&quot;shutter_speed&quot;:&quot;0&quot;,&quot;title&quot;:&quot;&quot;,&quot;orientation&quot;:&quot;0&quot;}\" data-image-title=\"Ali\" data-image-description=\"\" data-image-caption=\"\" data-large-file=\"https:\/\/hapkido-in-essen.de\/wp-content\/uploads\/2024\/12\/Ali-2.png\" class=\"size-full wp-image-1464 alignleft\" src=\"https:\/\/hapkido-in-essen.de\/wp-content\/uploads\/2024\/12\/Ali-2.png\" alt=\"\" width=\"155\" height=\"236\" \/><strong>Meister Ali Y\u00fccekaya<\/strong>, 1. Dan<\/p>\r\n<p>&nbsp;<\/p>\r\n","protected":false},"excerpt":{"rendered":"<p>&nbsp; &nbsp; Gro\u00dfmeister Karl M\u00fcller (9. Dan) betreibt seit mehr als 50 Jahren Hap-Ki-Do nach dem Lehrsystem Kim Sou Bong. Er begann in den 70er Jahren seine Ausbildung bei der Kriminalpolizei und suchte f\u00fcr sich nach einer Selbstverteidigungsart, mit der er allen Schwierigkeiten und Widerstandshandlungen seines Arbeitsalltags gut begegnen konnte. Von Kollegen wurde er auf &hellip; <\/p>\n<p class=\"link-more\"><a href=\"https:\/\/hapkido-in-essen.de\/index.php\/trainer\/\" class=\"more-link\"><span class=\"screen-reader-text\">\u201eTrainer\u201c <\/span>weiterlesen<\/a><\/p>\n","protected":false},"author":1,"featured_media":0,"parent":0,"menu_order":0,"comment_status":"closed","ping_status":"closed","template":"","meta":{"jetpack_post_was_ever_published":false,"footnotes":""},"class_list":["post-88","page","type-page","status-publish","hentry"],"jetpack_shortlink":"https:\/\/wp.me\/Pa9712-1q","jetpack_sharing_enabled":true,"_links":{"self":[{"href":"https:\/\/hapkido-in-essen.de\/index.php\/wp-json\/wp\/v2\/pages\/88","targetHints":{"allow":["GET"]}}],"collection":[{"href":"https:\/\/hapkido-in-essen.de\/index.php\/wp-json\/wp\/v2\/pages"}],"about":[{"href":"https:\/\/hapkido-in-essen.de\/index.php\/wp-json\/wp\/v2\/types\/page"}],"author":[{"embeddable":true,"href":"https:\/\/hapkido-in-essen.de\/index.php\/wp-json\/wp\/v2\/users\/1"}],"replies":[{"embeddable":true,"href":"https:\/\/hapkido-in-essen.de\/index.php\/wp-json\/wp\/v2\/comments?post=88"}],"version-history":[{"count":7,"href":"https:\/\/hapkido-in-essen.de\/index.php\/wp-json\/wp\/v2\/pages\/88\/revisions"}],"predecessor-version":[{"id":1503,"href":"https:\/\/hapkido-in-essen.de\/index.php\/wp-json\/wp\/v2\/pages\/88\/revisions\/1503"}],"wp:attachment":[{"href":"https:\/\/hapkido-in-essen.de\/index.php\/wp-json\/wp\/v2\/media?parent=88"}],"curies":[{"name":"wp","href":"https:\/\/api.w.org\/{rel}","templated":true}]}}