{"id":82,"date":"2018-08-04T00:22:18","date_gmt":"2018-08-03T22:22:18","guid":{"rendered":"https:\/\/hapkido-im-revier.de\/?page_id=82"},"modified":"2023-02-15T23:47:18","modified_gmt":"2023-02-15T22:47:18","slug":"training","status":"publish","type":"page","link":"https:\/\/hapkido-in-essen.de\/index.php\/training\/","title":{"rendered":"Training"},"content":{"rendered":"\n<h4 class=\"wp-block-heading\">Trainingstermin und -ort<\/h4>\n\n\n\n<p>Wir trainieren zwei Mal in der Woche im&nbsp;Trainingszentrum der JKG Essen (Schonnebeckh\u00f6fe 60 45309 Essen) im Nord-Ost Bad.<\/p>\n\n\n\n<p><\/p>\n\n\n\n<p>Dienstags von 20:15 bis 22:00 Uhr&nbsp;<br>Freitags von 18:15 bis 20:00 Uhr<br><br><\/p>\n\n\n\n<h4 class=\"wp-block-heading\">Du willst Hapkido kennenlernen?<\/h4>\n\n\n\n<p>Dann schreibe uns eine E-Mail an info@hapkido-in-essen.de oder rufe uns unter 0208-30996103 (i.d.R. ist hier der Anrufbeantworter aktiviert, einfach eine Nachricht hinterlassen) an. Damit wir Dich zu einem Probetraining einladen k\u00f6nnen, ben\u00f6tigen wir Deinen Namen und Deine Kontaktdaten. Es w\u00e4re schon, wenn Du Dich mit ein paar Worten vorstellen k\u00f6nntest. Wir werden Dich dann umgehend kontaktieren und erkl\u00e4ren Dir auch, was Du f\u00fcr den Anfang ben\u00f6tigst. Wir trainieren in einer gemischten Gruppe unterschiedlichen Alters, Anf\u00e4nger wie Fortgeschrittene, mit oder ohne Einschr\u00e4nkungen.<\/p>\n","protected":false},"excerpt":{"rendered":"<p>Trainingstermin und -ort Wir trainieren zwei Mal in der Woche im&nbsp;Trainingszentrum der JKG Essen (Schonnebeckh\u00f6fe 60 45309 Essen) im Nord-Ost Bad. Dienstags von 20:15 bis 22:00 Uhr&nbsp;Freitags von 18:15 bis 20:00 Uhr Du willst Hapkido kennenlernen? Dann schreibe uns eine E-Mail an info@hapkido-in-essen.de oder rufe uns unter 0208-30996103 (i.d.R. ist hier der Anrufbeantworter aktiviert, einfach &hellip; <\/p>\n<p class=\"link-more\"><a href=\"https:\/\/hapkido-in-essen.de\/index.php\/training\/\" class=\"more-link\"><span class=\"screen-reader-text\">\u201eTraining\u201c <\/span>weiterlesen<\/a><\/p>\n","protected":false},"author":1,"featured_media":0,"parent":0,"menu_order":0,"comment_status":"closed","ping_status":"closed","template":"","meta":{"jetpack_post_was_ever_published":false,"footnotes":""},"class_list":["post-82","page","type-page","status-publish","hentry"],"jetpack_shortlink":"https:\/\/wp.me\/Pa9712-1k","jetpack_sharing_enabled":true,"_links":{"self":[{"href":"https:\/\/hapkido-in-essen.de\/index.php\/wp-json\/wp\/v2\/pages\/82","targetHints":{"allow":["GET"]}}],"collection":[{"href":"https:\/\/hapkido-in-essen.de\/index.php\/wp-json\/wp\/v2\/pages"}],"about":[{"href":"https:\/\/hapkido-in-essen.de\/index.php\/wp-json\/wp\/v2\/types\/page"}],"author":[{"embeddable":true,"href":"https:\/\/hapkido-in-essen.de\/index.php\/wp-json\/wp\/v2\/users\/1"}],"replies":[{"embeddable":true,"href":"https:\/\/hapkido-in-essen.de\/index.php\/wp-json\/wp\/v2\/comments?post=82"}],"version-history":[{"count":2,"href":"https:\/\/hapkido-in-essen.de\/index.php\/wp-json\/wp\/v2\/pages\/82\/revisions"}],"predecessor-version":[{"id":1383,"href":"https:\/\/hapkido-in-essen.de\/index.php\/wp-json\/wp\/v2\/pages\/82\/revisions\/1383"}],"wp:attachment":[{"href":"https:\/\/hapkido-in-essen.de\/index.php\/wp-json\/wp\/v2\/media?parent=82"}],"curies":[{"name":"wp","href":"https:\/\/api.w.org\/{rel}","templated":true}]}}